{"id":9,"date":"2026-02-20T13:28:35","date_gmt":"2026-02-20T13:28:35","guid":{"rendered":"https:\/\/www.studio-supernova.fr\/?page_id=9"},"modified":"2026-03-06T09:13:33","modified_gmt":"2026-03-06T09:13:33","slug":"accueil","status":"publish","type":"page","link":"https:\/\/www.studio-supernova.fr\/","title":{"rendered":"Accueil"},"content":{"rendered":"\t\t<div data-elementor-type=\"wp-page\" data-elementor-id=\"9\" class=\"elementor elementor-9\" data-elementor-post-type=\"page\">\n\t\t\t\t<div class=\"elementor-element elementor-element-7752de6 e-con-full e-flex e-con e-parent\" data-id=\"7752de6\" data-element_type=\"container\" data-e-type=\"container\" data-settings=\"{&quot;background_background&quot;:&quot;classic&quot;}\">\n\t\t\t\t<div class=\"elementor-element elementor-element-59773fc elementor-widget elementor-widget-image\" data-id=\"59773fc\" data-element_type=\"widget\" data-e-type=\"widget\" data-widget_type=\"image.default\">\n\t\t\t\t\t\t\t\t\t\t\t\t\t\t\t<img fetchpriority=\"high\" decoding=\"async\" width=\"800\" height=\"324\" src=\"https:\/\/www.studio-supernova.fr\/wp-content\/uploads\/2026\/02\/STUDIO-SUPERNOVA-agence-communication-marketing-chambery-annecy-grenoble.png\" class=\"attachment-large size-large wp-image-20\" alt=\"\" srcset=\"https:\/\/www.studio-supernova.fr\/wp-content\/uploads\/2026\/02\/STUDIO-SUPERNOVA-agence-communication-marketing-chambery-annecy-grenoble.png 1015w, https:\/\/www.studio-supernova.fr\/wp-content\/uploads\/2026\/02\/STUDIO-SUPERNOVA-agence-communication-marketing-chambery-annecy-grenoble-300x121.png 300w, https:\/\/www.studio-supernova.fr\/wp-content\/uploads\/2026\/02\/STUDIO-SUPERNOVA-agence-communication-marketing-chambery-annecy-grenoble-768x311.png 768w\" sizes=\"(max-width: 800px) 100vw, 800px\" \/>\t\t\t\t\t\t\t\t\t\t\t\t\t\t\t<\/div>\n\t\t\t\t<\/div>\n\t\t<div class=\"elementor-element elementor-element-548e517 e-flex e-con-boxed e-con e-parent\" data-id=\"548e517\" data-element_type=\"container\" data-e-type=\"container\">\n\t\t\t\t\t<div class=\"e-con-inner\">\n\t\t\t\t<div class=\"elementor-element elementor-element-6fca43c elementor-widget elementor-widget-html\" data-id=\"6fca43c\" data-element_type=\"widget\" data-e-type=\"widget\" data-widget_type=\"html.default\">\n\t\t\t\t\t<div class=\"marquee\">\n  <div class=\"track\">\n\n    <strong style=\"color:#3b6ef5;\">AGENCE 360\u00b0<\/strong>\n    <span style=\"font-family:GaramondNovaPro;\"> \u2014 <\/span>\n    <span style=\"font-family:GaramondNovaPro;\"><em>Cr\u00e9ative<\/em> \u2014 Print \u2014 Digital \u2014 <\/span>\n\n    <strong style=\"color:#c8ff00;\">AGENCE 360\u00b0<\/strong>\n    <span style=\"font-family:GaramondNovaPro;\"> \u2014 <\/span>\n    <span style=\"font-family:GaramondNovaPro;\"><em>Cr\u00e9ative<\/em> \u2014 Print \u2014 Digital \u2014 <\/span>\n\n    <strong style=\"color:#b8a5ff;\">AGENCE 360\u00b0<\/strong>\n    <span style=\"font-family:GaramondNovaPro;\"> \u2014 <\/span>\n    <span style=\"font-family:GaramondNovaPro;\"><em>Cr\u00e9ative<\/em> \u2014 Print \u2014 Digital \u2014 <\/span>\n\n    <!-- On r\u00e9p\u00e8te pour que la boucle soit fluide -->\n     <strong style=\"color:#3b6ef5;\">AGENCE 360\u00b0<\/strong>\n    <span style=\"font-family:GaramondNovaPro;\"> \u2014 <\/span>\n    <span style=\"font-family:GaramondNovaPro;\"><em>Cr\u00e9ative<\/em> \u2014 Print \u2014 Digital \u2014 <\/span>\n\n    <strong style=\"color:#c8ff00;\">AGENCE 360\u00b0<\/strong>\n    <span style=\"font-family:GaramondNovaPro;\"> \u2014 <\/span>\n    <span style=\"font-family:GaramondNovaPro;\"><em>Cr\u00e9ative<\/em> \u2014 Print \u2014 Digital \u2014 <\/span>\n\n    <strong style=\"color:#b8a5ff;\">AGENCE 360\u00b0<\/strong>\n    <span style=\"font-family:GaramondNovaPro;\"> \u2014 <\/span>\n    <span style=\"font-family:GaramondNovaPro;\"><em>Cr\u00e9ative<\/em> \u2014 Print \u2014 Digital \u2014 <\/span>\n    \n      <strong style=\"color:#3b6ef5;\">AGENCE 360\u00b0<\/strong>\n    <span style=\"font-family:GaramondNovaPro;\"> \u2014 <\/span>\n    <span style=\"font-family:GaramondNovaPro;\"><em>Cr\u00e9ative<\/em> \u2014 Print \u2014 Digital \u2014 <\/span>\n\n    <strong style=\"color:#c8ff00;\">AGENCE 360\u00b0<\/strong>\n    <span style=\"font-family:GaramondNovaPro;\"> \u2014 <\/span>\n    <span style=\"font-family:GaramondNovaPro;\"><em>Cr\u00e9ative<\/em> \u2014 Print \u2014 Digital \u2014 <\/span>\n\n    <strong style=\"color:#b8a5ff;\">AGENCE 360\u00b0<\/strong>\n    <span style=\"font-family:GaramondNovaPro;\"> \u2014 <\/span>\n    <span style=\"font-family:GaramondNovaPro;\"><em>Cr\u00e9ative<\/em> \u2014 Print \u2014 Digital \u2014 <\/span>\n\n  <\/div>\n<\/div>\n\n<style>\n.marquee {\n  width: 100vw;\n  overflow: hidden;\n  padding: 15px 0;\n}\n\n.track {\n  white-space: nowrap;\n  display: inline-block;\n  animation: scroll 25s linear infinite;\n  font-size: 22px;\n}\n\n@keyframes scroll {\n  from { transform: translateX(0); }\n  to { transform: translateX(-50%); }\n}\n<\/style>\t\t\t\t<\/div>\n\t\t\t\t\t<\/div>\n\t\t\t\t<\/div>\n\t\t<div class=\"elementor-element elementor-element-d6d2c34 e-con-full e-flex e-con e-parent\" data-id=\"d6d2c34\" data-element_type=\"container\" data-e-type=\"container\" id=\"a-propos\" data-settings=\"{&quot;background_background&quot;:&quot;classic&quot;}\">\n\t\t\t\t<div class=\"elementor-element elementor-element-3b6071c elementor-widget elementor-widget-heading\" data-id=\"3b6071c\" data-element_type=\"widget\" data-e-type=\"widget\" data-widget_type=\"heading.default\">\n\t\t\t\t\t<h1 class=\"elementor-heading-title elementor-size-default\">Supernova, c'est quoi ?<\/h1>\t\t\t\t<\/div>\n\t\t\t\t<div class=\"elementor-element elementor-element-69c5d11 e-transform elementor-widget elementor-widget-text-editor\" data-id=\"69c5d11\" data-element_type=\"widget\" data-e-type=\"widget\" data-settings=\"{&quot;_transform_scale_effect&quot;:{&quot;unit&quot;:&quot;px&quot;,&quot;size&quot;:&quot;&quot;,&quot;sizes&quot;:[]},&quot;_transform_scale_effect_tablet&quot;:{&quot;unit&quot;:&quot;px&quot;,&quot;size&quot;:&quot;&quot;,&quot;sizes&quot;:[]},&quot;_transform_scale_effect_mobile&quot;:{&quot;unit&quot;:&quot;px&quot;,&quot;size&quot;:&quot;&quot;,&quot;sizes&quot;:[]}}\" data-widget_type=\"text-editor.default\">\n\t\t\t\t\t\t\t\t\t<p><span style=\"font-weight: 400;\">Un <strong>collectif d\u2019ind\u00e9pendants<\/strong> tri\u00e9s sur le volet qui remettent le terrain au centre du jeu.<\/span><\/p><p><em>On ne fais pas juste du \u00ab\u00a0beau\u00a0\u00bb : <br \/><\/em><span style=\"font-weight: 400;\"><i>O<\/i>n part de votre r\u00e9alit\u00e9, on \u00e9tudie votre ADN, pour en faire une force de frappe cr\u00e9ative.<\/span><\/p>\t\t\t\t\t\t\t\t<\/div>\n\t\t\t\t\t\t\t<div data-eael_opacity=\"{&quot;opacity&quot;:0.8}\" data-eael_duration=\"{&quot;transitionDuration&quot;:1000}\" data-eael_easing=\"{&quot;transitionEasing&quot;:&quot;ease&quot;}\" data-eael_opacity_hover=\"{&quot;opacity&quot;:0.46}\" data-eael_hover_duration=\"{&quot;transitionDuration&quot;:1000}\" data-eael_hover_easing=\"{&quot;transitionEasing&quot;:&quot;ease&quot;}\" class=\"eael_hover_effect elementor-element elementor-element-424cee9 animated-slow elementor-invisible elementor-widget elementor-widget-text-editor\" data-id=\"424cee9\" data-element_type=\"widget\" data-e-type=\"widget\" data-settings=\"{&quot;_animation&quot;:&quot;shake&quot;,&quot;eael_hover_effect_opacity_popover_hover&quot;:&quot;yes&quot;,&quot;eael_hover_effect_opacity_hover&quot;:{&quot;unit&quot;:&quot;px&quot;,&quot;size&quot;:0.46,&quot;sizes&quot;:[]},&quot;eael_hover_effect_general_settings_easing&quot;:&quot;ease&quot;,&quot;eael_hover_effect_general_settings_hover_easing&quot;:&quot;ease&quot;}\" data-widget_type=\"text-editor.default\">\n\t\t\t\t\t\t\t\t\t<p><a href=\"https:\/\/www.studio-supernova.fr\/index.php\/contact\/\">[ <em>O<\/em>n <i>cr\u00e9e<\/i> ensemble ]<\/a><\/p>\t\t\t\t\t\t\t\t<\/div>\n\t\t\t\t<\/div>\n\t\t<div class=\"elementor-element elementor-element-2ccf54a e-flex e-con-boxed e-con e-parent\" data-id=\"2ccf54a\" data-element_type=\"container\" data-e-type=\"container\" id=\"nos-services\" data-settings=\"{&quot;background_background&quot;:&quot;classic&quot;}\">\n\t\t\t\t\t<div class=\"e-con-inner\">\n\t\t\t\t<div class=\"elementor-element elementor-element-6b109e0 elementor-widget elementor-widget-heading\" data-id=\"6b109e0\" data-element_type=\"widget\" data-e-type=\"widget\" data-widget_type=\"heading.default\">\n\t\t\t\t\t<h2 class=\"elementor-heading-title elementor-size-default\">Nos TALENTS<\/h2>\t\t\t\t<\/div>\n\t\t\t\t\t<\/div>\n\t\t\t\t<\/div>\n\t\t<div class=\"elementor-element elementor-element-084e748 e-con-full e-flex e-con e-parent\" data-id=\"084e748\" data-element_type=\"container\" data-e-type=\"container\" data-settings=\"{&quot;background_background&quot;:&quot;classic&quot;}\">\n\t\t<div class=\"elementor-element elementor-element-f046691 e-con-full e-flex e-con e-child\" data-id=\"f046691\" data-element_type=\"container\" data-e-type=\"container\">\n\t\t\t\t<div class=\"elementor-element elementor-element-c876c60 elementor-widget elementor-widget-heading\" data-id=\"c876c60\" data-element_type=\"widget\" data-e-type=\"widget\" data-widget_type=\"heading.default\">\n\t\t\t\t\t<h3 class=\"elementor-heading-title elementor-size-default\">[ Branding &amp; illustrations ] <\/h3>\t\t\t\t<\/div>\n\t\t\t\t<div class=\"elementor-element elementor-element-71a34f1 elementor-widget elementor-widget-text-editor\" data-id=\"71a34f1\" data-element_type=\"widget\" data-e-type=\"widget\" data-widget_type=\"text-editor.default\">\n\t\t\t\t\t\t\t\t\t<p><span style=\"font-weight: 400;\">Bien plus qu&rsquo;un logo. On d\u00e9finit votre ADN graphique pour marquer durablement les esprits. Une image coh\u00e9rente, impactante et sur-mesure qui vous rend imm\u00e9diatement reconnaissable.<\/span><\/p>\t\t\t\t\t\t\t\t<\/div>\n\t\t\t\t<\/div>\n\t\t<div class=\"elementor-element elementor-element-7bd7491 e-con-full e-flex e-con e-child\" data-id=\"7bd7491\" data-element_type=\"container\" data-e-type=\"container\">\n\t\t\t\t<div class=\"elementor-element elementor-element-dd6435a elementor-widget elementor-widget-heading\" data-id=\"dd6435a\" data-element_type=\"widget\" data-e-type=\"widget\" data-widget_type=\"heading.default\">\n\t\t\t\t\t<h3 class=\"elementor-heading-title elementor-size-default\">[ Direction artistique &amp; strat\u00e9gique ] <\/h3>\t\t\t\t<\/div>\n\t\t\t\t<div class=\"elementor-element elementor-element-332bef1 elementor-widget elementor-widget-text-editor\" data-id=\"332bef1\" data-element_type=\"widget\" data-e-type=\"widget\" data-widget_type=\"text-editor.default\">\n\t\t\t\t\t\t\t\t\t<p><span style=\"font-weight: 400;\">La vision avant l&rsquo;action. On aligne votre cr\u00e9ativit\u00e9 sur vos objectifs business. Des concepts forts pour donner du relief \u00e0 votre marque et une longueur d&rsquo;avance sur votre march\u00e9.<\/span><\/p>\t\t\t\t\t\t\t\t<\/div>\n\t\t\t\t<\/div>\n\t\t<div class=\"elementor-element elementor-element-0d0c630 e-con-full e-flex e-con e-child\" data-id=\"0d0c630\" data-element_type=\"container\" data-e-type=\"container\">\n\t\t\t\t<div class=\"elementor-element elementor-element-6967d1f elementor-widget elementor-widget-heading\" data-id=\"6967d1f\" data-element_type=\"widget\" data-e-type=\"widget\" data-widget_type=\"heading.default\">\n\t\t\t\t\t<h3 class=\"elementor-heading-title elementor-size-default\">[ Print &amp; packaging ] <\/h3>\t\t\t\t<\/div>\n\t\t\t\t<div class=\"elementor-element elementor-element-9190ed8 elementor-widget elementor-widget-text-editor\" data-id=\"9190ed8\" data-element_type=\"widget\" data-e-type=\"widget\" data-widget_type=\"text-editor.default\">\n\t\t\t\t\t\t\t\t\t<div class=\"page\" title=\"Page 1\"><div class=\"section\"><div class=\"layoutArea\"><div class=\"column\"><p><span style=\"font-weight: 400;\">Le plaisir du tactile. Du catalogue au packaging, nous concevons des supports qui racontent une histoire et valorisent vos produits. Le tout avec une approche consciente et \u00e9co-responsable.<\/span><\/p><\/div><\/div><\/div><\/div>\t\t\t\t\t\t\t\t<\/div>\n\t\t\t\t<\/div>\n\t\t<div class=\"elementor-element elementor-element-2368e4a e-con-full e-flex e-con e-child\" data-id=\"2368e4a\" data-element_type=\"container\" data-e-type=\"container\">\n\t\t\t\t<div class=\"elementor-element elementor-element-81369c5 elementor-widget elementor-widget-heading\" data-id=\"81369c5\" data-element_type=\"widget\" data-e-type=\"widget\" data-widget_type=\"heading.default\">\n\t\t\t\t\t<h3 class=\"elementor-heading-title elementor-size-default\">[ Site internet ]<\/h3>\t\t\t\t<\/div>\n\t\t\t\t<div class=\"elementor-element elementor-element-505adc5 elementor-widget elementor-widget-text-editor\" data-id=\"505adc5\" data-element_type=\"widget\" data-e-type=\"widget\" data-widget_type=\"text-editor.default\">\n\t\t\t\t\t\t\t\t\t<div class=\"page\" title=\"Page 1\"><div class=\"section\"><div class=\"layoutArea\"><div class=\"column\"><p><span style=\"font-weight: 400;\">Votre plus belle vitrine. Des sites web intuitifs, ultra-performants et pens\u00e9s pour convertir. Le design rencontre la technique pour transformer vos visiteurs en clients.<\/span><\/p><\/div><\/div><\/div><\/div>\t\t\t\t\t\t\t\t<\/div>\n\t\t\t\t<\/div>\n\t\t<div class=\"elementor-element elementor-element-e1b8835 e-con-full e-flex e-con e-child\" data-id=\"e1b8835\" data-element_type=\"container\" data-e-type=\"container\">\n\t\t\t\t<div class=\"elementor-element elementor-element-e770e08 elementor-widget elementor-widget-heading\" data-id=\"e770e08\" data-element_type=\"widget\" data-e-type=\"widget\" data-widget_type=\"heading.default\">\n\t\t\t\t\t<h3 class=\"elementor-heading-title elementor-size-default\">[ R\u00e9seaux sociaux ]<\/h3>\t\t\t\t<\/div>\n\t\t\t\t<div class=\"elementor-element elementor-element-f5af498 elementor-widget elementor-widget-text-editor\" data-id=\"f5af498\" data-element_type=\"widget\" data-e-type=\"widget\" data-widget_type=\"text-editor.default\">\n\t\t\t\t\t\t\t\t\t<div class=\"page\" title=\"Page 1\"><div class=\"section\"><div class=\"layoutArea\"><div class=\"column\"><p><span style=\"font-weight: 400;\">L&rsquo;authenticit\u00e9 en mouvement. On f\u00e9d\u00e8re votre communaut\u00e9 avec du contenu vrai, engageant et strat\u00e9gique. Moins de bruit, plus d&rsquo;impact pour votre notori\u00e9t\u00e9.<\/span><\/p><\/div><\/div><\/div><\/div>\t\t\t\t\t\t\t\t<\/div>\n\t\t\t\t<\/div>\n\t\t<div class=\"elementor-element elementor-element-1c6b2ac e-con-full e-flex e-con e-child\" data-id=\"1c6b2ac\" data-element_type=\"container\" data-e-type=\"container\">\n\t\t\t\t<div class=\"elementor-element elementor-element-09f81f3 elementor-widget elementor-widget-heading\" data-id=\"09f81f3\" data-element_type=\"widget\" data-e-type=\"widget\" data-widget_type=\"heading.default\">\n\t\t\t\t\t<h3 class=\"elementor-heading-title elementor-size-default\">[ Photos &amp; vid\u00e9os ]<\/h3>\t\t\t\t<\/div>\n\t\t\t\t<div class=\"elementor-element elementor-element-1359a4d elementor-widget elementor-widget-text-editor\" data-id=\"1359a4d\" data-element_type=\"widget\" data-e-type=\"widget\" data-widget_type=\"text-editor.default\">\n\t\t\t\t\t\t\t\t\t<div class=\"page\" title=\"Page 1\"><div class=\"section\"><div class=\"layoutArea\"><div class=\"column\"><div class=\"page\" title=\"Page 1\"><div class=\"section\"><div class=\"layoutArea\"><div class=\"column\"><p><span style=\"font-weight: 400;\">Des visuels \u00ab\u00a0premium\u00a0\u00bb qui subliment votre savoir-faire. Captation micro, montage dynamique et storytelling puissant : on rend votre marque m\u00e9morable.<\/span><\/p><\/div><\/div><\/div><\/div><\/div><\/div><\/div><\/div>\t\t\t\t\t\t\t\t<\/div>\n\t\t\t\t<\/div>\n\t\t\t\t<\/div>\n\t\t<div class=\"elementor-element elementor-element-ec68c0e e-flex e-con-boxed e-con e-parent\" data-id=\"ec68c0e\" data-element_type=\"container\" data-e-type=\"container\" data-settings=\"{&quot;background_background&quot;:&quot;classic&quot;}\">\n\t\t\t\t\t<div class=\"e-con-inner\">\n\t\t\t\t<div class=\"elementor-element elementor-element-1bbb66d elementor-align-center elementor-widget elementor-widget-button\" data-id=\"1bbb66d\" data-element_type=\"widget\" data-e-type=\"widget\" data-widget_type=\"button.default\">\n\t\t\t\t\t\t\t\t\t\t<a class=\"elementor-button elementor-button-link elementor-size-sm elementor-animation-sink\" href=\"https:\/\/www.studio-supernova.fr\/wp-content\/uploads\/2026\/03\/Plaquette-Studio-Supernova-compresse.pdf\" target=\"_blank\">\n\t\t\t\t\t\t<span class=\"elementor-button-content-wrapper\">\n\t\t\t\t\t\t\t\t\t<span class=\"elementor-button-text\">Nos offres<\/span>\n\t\t\t\t\t<\/span>\n\t\t\t\t\t<\/a>\n\t\t\t\t\t\t\t\t<\/div>\n\t\t\t\t\t<\/div>\n\t\t\t\t<\/div>\n\t\t<div class=\"elementor-element elementor-element-b8e9f83 e-con-full e-flex e-con e-parent\" data-id=\"b8e9f83\" data-element_type=\"container\" data-e-type=\"container\">\n\t\t<div class=\"elementor-element elementor-element-87f8d49 e-con-full e-flex e-con e-child\" data-id=\"87f8d49\" data-element_type=\"container\" data-e-type=\"container\" data-settings=\"{&quot;background_background&quot;:&quot;slideshow&quot;,&quot;background_slideshow_gallery&quot;:[{&quot;id&quot;:316,&quot;url&quot;:&quot;https:\\\/\\\/www.studio-supernova.fr\\\/wp-content\\\/uploads\\\/2026\\\/02\\\/lea-sagot-supernova-studio-agence-communication-marketing-savoie-chambery-annecy.webp&quot;}],&quot;background_slideshow_slide_duration&quot;:0,&quot;background_slideshow_slide_transition&quot;:&quot;fade&quot;,&quot;background_slideshow_transition_duration&quot;:500}\">\n\t\t\t\t<\/div>\n\t\t<div class=\"elementor-element elementor-element-3767e74 e-con-full e-flex e-con e-child\" data-id=\"3767e74\" data-element_type=\"container\" data-e-type=\"container\" data-settings=\"{&quot;background_background&quot;:&quot;classic&quot;}\">\n\t\t\t\t<div class=\"elementor-element elementor-element-24370cf elementor-widget elementor-widget-heading\" data-id=\"24370cf\" data-element_type=\"widget\" data-e-type=\"widget\" data-widget_type=\"heading.default\">\n\t\t\t\t\t<h2 class=\"elementor-heading-title elementor-size-default\">L\u00e9a Sagot<\/h2>\t\t\t\t<\/div>\n\t\t\t\t<div class=\"elementor-element elementor-element-a0c2b78 elementor-widget elementor-widget-text-editor\" data-id=\"a0c2b78\" data-element_type=\"widget\" data-e-type=\"widget\" data-widget_type=\"text-editor.default\">\n\t\t\t\t\t\t\t\t\t<p>Le mot de <br \/><em>la<\/em> <em>fondatrice<\/em><\/p>\t\t\t\t\t\t\t\t<\/div>\n\t\t\t\t<div class=\"elementor-element elementor-element-bea58e7 elementor-widget elementor-widget-text-editor\" data-id=\"bea58e7\" data-element_type=\"widget\" data-e-type=\"widget\" data-widget_type=\"text-editor.default\">\n\t\t\t\t\t\t\t\t\t<p><i><span style=\"font-weight: 400;\">\u00ab\u00a0Ma conviction est simple : <br \/>pour faire rayonner une entreprise, il faut d\u2019abord comprendre son histoire. <br \/>J\u2019ai r\u00e9uni les meilleurs experts cr\u00e9atifs de Savoie pour offrir aux acteurs de notre territoire une communication d\u2019excellence, loin des clich\u00e9s<br \/>\u00a0et de l\u2019opacit\u00e9 des grandes agences.<\/span><\/i><\/p><p><i><span style=\"font-weight: 400;\">Chez Studio Supernova, on d\u00e9teste le jargon abstrait. Mon leitmotiv ? \u00catre votre alli\u00e9e. <br \/>On avance ensemble dans le monde digital <br \/>avec bienveillance, convivialit\u00e9 et une exigence <br \/>de r\u00e9sultat absolue. <br \/>Votre visibilit\u00e9 n\u2019est pas un concept,<\/span><\/i><\/p><div style=\"text-align: right;\"><p><i><span style=\"font-weight: 400;\">c\u2019est une aventure que l\u2019on vit <br \/>et que l\u2019on gagne en \u00e9quipe.\u00a0\u00bb<\/span><\/i><\/p><\/div>\t\t\t\t\t\t\t\t<\/div>\n\t\t\t\t<\/div>\n\t\t\t\t<\/div>\n\t\t\t\t<\/div>\n\t\t","protected":false},"excerpt":{"rendered":"<p>AGENCE 360\u00b0 \u2014 Cr\u00e9ative \u2014 Print \u2014 Digital \u2014 AGENCE 360\u00b0 \u2014 Cr\u00e9ative \u2014 Print \u2014 Digital \u2014 AGENCE 360\u00b0 \u2014 Cr\u00e9ative \u2014 Print \u2014 Digital \u2014 AGENCE 360\u00b0 \u2014 Cr\u00e9ative \u2014 Print \u2014 Digital \u2014 AGENCE 360\u00b0 \u2014 Cr\u00e9ative \u2014 Print \u2014 Digital \u2014 AGENCE 360\u00b0 \u2014 Cr\u00e9ative \u2014 Print \u2014 Digital \u2014 AGENCE [&hellip;]<\/p>\n","protected":false},"author":2,"featured_media":0,"parent":0,"menu_order":0,"comment_status":"closed","ping_status":"closed","template":"","meta":{"footnotes":""},"class_list":["post-9","page","type-page","status-publish","hentry"],"_links":{"self":[{"href":"https:\/\/www.studio-supernova.fr\/index.php\/wp-json\/wp\/v2\/pages\/9","targetHints":{"allow":["GET"]}}],"collection":[{"href":"https:\/\/www.studio-supernova.fr\/index.php\/wp-json\/wp\/v2\/pages"}],"about":[{"href":"https:\/\/www.studio-supernova.fr\/index.php\/wp-json\/wp\/v2\/types\/page"}],"author":[{"embeddable":true,"href":"https:\/\/www.studio-supernova.fr\/index.php\/wp-json\/wp\/v2\/users\/2"}],"replies":[{"embeddable":true,"href":"https:\/\/www.studio-supernova.fr\/index.php\/wp-json\/wp\/v2\/comments?post=9"}],"version-history":[{"count":163,"href":"https:\/\/www.studio-supernova.fr\/index.php\/wp-json\/wp\/v2\/pages\/9\/revisions"}],"predecessor-version":[{"id":364,"href":"https:\/\/www.studio-supernova.fr\/index.php\/wp-json\/wp\/v2\/pages\/9\/revisions\/364"}],"wp:attachment":[{"href":"https:\/\/www.studio-supernova.fr\/index.php\/wp-json\/wp\/v2\/media?parent=9"}],"curies":[{"name":"wp","href":"https:\/\/api.w.org\/{rel}","templated":true}]}}