{"id":216,"date":"2026-02-23T10:18:26","date_gmt":"2026-02-23T10:18:26","guid":{"rendered":"https:\/\/www.studio-supernova.fr\/?page_id=216"},"modified":"2026-03-04T08:12:13","modified_gmt":"2026-03-04T08:12:13","slug":"contact","status":"publish","type":"page","link":"https:\/\/www.studio-supernova.fr\/index.php\/contact\/","title":{"rendered":"Contact"},"content":{"rendered":"\t\t<div data-elementor-type=\"wp-page\" data-elementor-id=\"216\" class=\"elementor elementor-216\" data-elementor-post-type=\"page\">\n\t\t\t\t<div class=\"elementor-element elementor-element-4f955df e-con-full e-flex e-con e-parent\" data-id=\"4f955df\" data-element_type=\"container\" data-e-type=\"container\" data-settings=\"{&quot;background_background&quot;:&quot;classic&quot;}\">\n\t\t<div class=\"elementor-element elementor-element-47cc89f e-con-full animated-slow e-flex e-con e-child\" data-id=\"47cc89f\" data-element_type=\"container\" data-e-type=\"container\" data-settings=\"{&quot;background_background&quot;:&quot;classic&quot;,&quot;animation&quot;:&quot;none&quot;}\">\n\t\t\t\t<div class=\"elementor-element elementor-element-4422db9 elementor-widget__width-initial elementor-widget elementor-widget-heading\" data-id=\"4422db9\" data-element_type=\"widget\" data-e-type=\"widget\" data-widget_type=\"heading.default\">\n\t\t\t\t\t<h2 class=\"elementor-heading-title elementor-size-default\">1, 2, 3 PARTEZ ! <\/h2>\t\t\t\t<\/div>\n\t\t\t\t<div class=\"elementor-element elementor-element-5c0f5d6 elementor-widget elementor-widget-text-editor\" data-id=\"5c0f5d6\" data-element_type=\"widget\" data-e-type=\"widget\" data-widget_type=\"text-editor.default\">\n\t\t\t\t\t\t\t\t\t<p>H\u00e2te d&rsquo;en <em>d\u00e9couvrir<\/em> <br \/>plus sur vous<\/p>\t\t\t\t\t\t\t\t<\/div>\n\t\t\t\t<div class=\"elementor-element elementor-element-ee8e239 elementor-widget__width-initial elementor-widget elementor-widget-text-editor\" data-id=\"ee8e239\" data-element_type=\"widget\" data-e-type=\"widget\" data-widget_type=\"text-editor.default\">\n\t\t\t\t\t\t\t\t\t<p>Dites-nous en plus ci-dessous ou envoyez-nous un courriel \u00e0 bonjour@studio-supernova.fr. Nous serions ravis d\u2019avoir de vos nouvelles !<\/p>\t\t\t\t\t\t\t\t<\/div>\n\t\t\t\t<div class=\"elementor-element elementor-element-a26fe20 elementor-button-align-center elementor-widget elementor-widget-form\" data-id=\"a26fe20\" data-element_type=\"widget\" data-e-type=\"widget\" data-settings=\"{&quot;step_next_label&quot;:&quot;Suivant&quot;,&quot;step_previous_label&quot;:&quot;Pr\\u00e9c\\u00e9dent&quot;,&quot;button_width&quot;:&quot;100&quot;,&quot;step_type&quot;:&quot;number_text&quot;,&quot;step_icon_shape&quot;:&quot;circle&quot;}\" data-widget_type=\"form.default\">\n\t\t\t\t\t\t\t<form class=\"elementor-form\" method=\"post\" name=\"Nouveau formulaire\" aria-label=\"Nouveau formulaire\">\n\t\t\t<input type=\"hidden\" name=\"post_id\" value=\"216\"\/>\n\t\t\t<input type=\"hidden\" name=\"form_id\" value=\"a26fe20\"\/>\n\t\t\t<input type=\"hidden\" name=\"referer_title\" value=\"Contact\" \/>\n\n\t\t\t\t\t\t\t<input type=\"hidden\" name=\"queried_id\" value=\"216\"\/>\n\t\t\t\n\t\t\t<div class=\"elementor-form-fields-wrapper elementor-labels-above\">\n\t\t\t\t\t\t\t\t<div class=\"elementor-field-type-text elementor-field-group elementor-column elementor-field-group-name elementor-col-100 elementor-field-required elementor-mark-required\">\n\t\t\t\t\t\t\t\t\t\t\t\t<label for=\"form-field-name\" class=\"elementor-field-label\">\n\t\t\t\t\t\t\t\tNom\t\t\t\t\t\t\t<\/label>\n\t\t\t\t\t\t\t\t\t\t\t\t\t\t<input size=\"1\" type=\"text\" name=\"form_fields[name]\" id=\"form-field-name\" class=\"elementor-field elementor-size-md  elementor-field-textual\" required=\"required\">\n\t\t\t\t\t\t\t\t\t\t\t<\/div>\n\t\t\t\t\t\t\t\t<div class=\"elementor-field-type-email elementor-field-group elementor-column elementor-field-group-email elementor-col-100 elementor-field-required elementor-mark-required\">\n\t\t\t\t\t\t\t\t\t\t\t\t<label for=\"form-field-email\" class=\"elementor-field-label\">\n\t\t\t\t\t\t\t\tE-mail\t\t\t\t\t\t\t<\/label>\n\t\t\t\t\t\t\t\t\t\t\t\t\t\t<input size=\"1\" type=\"email\" name=\"form_fields[email]\" id=\"form-field-email\" class=\"elementor-field elementor-size-md  elementor-field-textual\" required=\"required\">\n\t\t\t\t\t\t\t\t\t\t\t<\/div>\n\t\t\t\t\t\t\t\t<div class=\"elementor-field-type-text elementor-field-group elementor-column elementor-field-group-field_c21f739 elementor-col-100\">\n\t\t\t\t\t\t\t\t\t\t\t\t<label for=\"form-field-field_c21f739\" class=\"elementor-field-label\">\n\t\t\t\t\t\t\t\tIG \/ Site Internet\t\t\t\t\t\t\t<\/label>\n\t\t\t\t\t\t\t\t\t\t\t\t\t\t<input size=\"1\" type=\"text\" name=\"form_fields[field_c21f739]\" id=\"form-field-field_c21f739\" class=\"elementor-field elementor-size-md  elementor-field-textual\">\n\t\t\t\t\t\t\t\t\t\t\t<\/div>\n\t\t\t\t\t\t\t\t<div class=\"elementor-field-type-textarea elementor-field-group elementor-column elementor-field-group-message elementor-col-100 elementor-field-required elementor-mark-required\">\n\t\t\t\t\t\t\t\t\t\t\t\t<label for=\"form-field-message\" class=\"elementor-field-label\">\n\t\t\t\t\t\t\t\tNous aimerions vous conna\u00eetre, parlez-nous de vous et de votre marque\t\t\t\t\t\t\t<\/label>\n\t\t\t\t\t\t<textarea class=\"elementor-field-textual elementor-field  elementor-size-md\" name=\"form_fields[message]\" id=\"form-field-message\" rows=\"4\" required=\"required\"><\/textarea>\t\t\t\t<\/div>\n\t\t\t\t\t\t\t\t<div class=\"elementor-field-group elementor-column elementor-field-type-submit elementor-col-100 e-form__buttons\">\n\t\t\t\t\t<button class=\"elementor-button elementor-size-sm elementor-animation-sink\" type=\"submit\">\n\t\t\t\t\t\t<span class=\"elementor-button-content-wrapper\">\n\t\t\t\t\t\t\t\t\t\t\t\t\t\t\t\t\t\t\t\t\t\t<span class=\"elementor-button-text\">\u00e0 tr\u00e8s vite<\/span>\n\t\t\t\t\t\t\t\t\t\t\t\t\t<\/span>\n\t\t\t\t\t<\/button>\n\t\t\t\t<\/div>\n\t\t\t<\/div>\n\t\t<\/form>\n\t\t\t\t\t\t<\/div>\n\t\t\t\t<div class=\"elementor-element elementor-element-97fd4fe elementor-widget__width-initial elementor-absolute animated-fast elementor-hidden-tablet elementor-hidden-mobile elementor-invisible elementor-widget elementor-widget-image\" data-id=\"97fd4fe\" data-element_type=\"widget\" data-e-type=\"widget\" data-settings=\"{&quot;_position&quot;:&quot;absolute&quot;,&quot;_animation&quot;:&quot;zoomIn&quot;}\" data-widget_type=\"image.default\">\n\t\t\t\t\t\t\t\t\t\t\t\t\t\t\t<img fetchpriority=\"high\" decoding=\"async\" width=\"338\" height=\"338\" src=\"https:\/\/www.studio-supernova.fr\/wp-content\/uploads\/2026\/02\/CHARTE-SUPERNOVA-01.webp\" class=\"attachment-large size-large wp-image-264\" alt=\"\" srcset=\"https:\/\/www.studio-supernova.fr\/wp-content\/uploads\/2026\/02\/CHARTE-SUPERNOVA-01.webp 338w, https:\/\/www.studio-supernova.fr\/wp-content\/uploads\/2026\/02\/CHARTE-SUPERNOVA-01-300x300.webp 300w, https:\/\/www.studio-supernova.fr\/wp-content\/uploads\/2026\/02\/CHARTE-SUPERNOVA-01-150x150.webp 150w\" sizes=\"(max-width: 338px) 100vw, 338px\" \/>\t\t\t\t\t\t\t\t\t\t\t\t\t\t\t<\/div>\n\t\t\t\t<div class=\"elementor-element elementor-element-1205825 elementor-widget__width-initial elementor-absolute animated-fast elementor-hidden-mobile elementor-invisible elementor-widget elementor-widget-image\" data-id=\"1205825\" data-element_type=\"widget\" data-e-type=\"widget\" data-settings=\"{&quot;_position&quot;:&quot;absolute&quot;,&quot;_animation&quot;:&quot;zoomIn&quot;}\" data-widget_type=\"image.default\">\n\t\t\t\t\t\t\t\t\t\t\t\t\t\t\t<img decoding=\"async\" width=\"338\" height=\"338\" src=\"https:\/\/www.studio-supernova.fr\/wp-content\/uploads\/2026\/02\/CHARTE-SUPERNOVA-02.webp\" class=\"attachment-large size-large wp-image-268\" alt=\"\" srcset=\"https:\/\/www.studio-supernova.fr\/wp-content\/uploads\/2026\/02\/CHARTE-SUPERNOVA-02.webp 338w, https:\/\/www.studio-supernova.fr\/wp-content\/uploads\/2026\/02\/CHARTE-SUPERNOVA-02-300x300.webp 300w, https:\/\/www.studio-supernova.fr\/wp-content\/uploads\/2026\/02\/CHARTE-SUPERNOVA-02-150x150.webp 150w\" sizes=\"(max-width: 338px) 100vw, 338px\" \/>\t\t\t\t\t\t\t\t\t\t\t\t\t\t\t<\/div>\n\t\t\t\t<\/div>\n\t\t\t\t<\/div>\n\t\t<div class=\"elementor-element elementor-element-9ddf71e e-flex e-con-boxed e-con e-parent\" data-id=\"9ddf71e\" data-element_type=\"container\" data-e-type=\"container\">\n\t\t\t\t\t<div class=\"e-con-inner\">\n\t\t<div class=\"elementor-element elementor-element-64aed05 e-con-full e-flex e-con e-child\" data-id=\"64aed05\" data-element_type=\"container\" data-e-type=\"container\">\n\t\t\t\t<div class=\"elementor-element elementor-element-69e8301 elementor-widget elementor-widget-html\" data-id=\"69e8301\" data-element_type=\"widget\" data-e-type=\"widget\" data-widget_type=\"html.default\">\n\t\t\t\t\t<div class=\"marquee\">\n  <div class=\"track\">\n\n    <strong style=\"color:#3b6ef5;\">AGENCE 360\u00b0<\/strong>\n    <span style=\"font-family:GaramondNovaPro;\"> \u2014 <\/span>\n    <span style=\"font-family:GaramondNovaPro;\"><em>Cr\u00e9ative<\/em> \u2014 Print \u2014 Digital \u2014 <\/span>\n\n    <strong style=\"color:#c8ff00;\">AGENCE 360\u00b0<\/strong>\n    <span style=\"font-family:GaramondNovaPro;\"> \u2014 <\/span>\n    <span style=\"font-family:GaramondNovaPro;\"><em>Cr\u00e9ative<\/em> \u2014 Print \u2014 Digital \u2014 <\/span>\n\n    <strong style=\"color:#b8a5ff;\">AGENCE 360\u00b0<\/strong>\n    <span style=\"font-family:GaramondNovaPro;\"> \u2014 <\/span>\n    <span style=\"font-family:GaramondNovaPro;\"><em>Cr\u00e9ative<\/em> \u2014 Print \u2014 Digital \u2014 <\/span>\n\n    <!-- On r\u00e9p\u00e8te pour que la boucle soit fluide -->\n     <strong style=\"color:#3b6ef5;\">AGENCE 360\u00b0<\/strong>\n    <span style=\"font-family:GaramondNovaPro;\"> \u2014 <\/span>\n    <span style=\"font-family:GaramondNovaPro;\"><em>Cr\u00e9ative<\/em> \u2014 Print \u2014 Digital \u2014 <\/span>\n\n    <strong style=\"color:#c8ff00;\">AGENCE 360\u00b0<\/strong>\n    <span style=\"font-family:GaramondNovaPro;\"> \u2014 <\/span>\n    <span style=\"font-family:GaramondNovaPro;\"><em>Cr\u00e9ative<\/em> \u2014 Print \u2014 Digital \u2014 <\/span>\n\n    <strong style=\"color:#b8a5ff;\">AGENCE 360\u00b0<\/strong>\n    <span style=\"font-family:GaramondNovaPro;\"> \u2014 <\/span>\n    <span style=\"font-family:GaramondNovaPro;\"><em>Cr\u00e9ative<\/em> \u2014 Print \u2014 Digital \u2014 <\/span>\n    \n      <strong style=\"color:#3b6ef5;\">AGENCE 360\u00b0<\/strong>\n    <span style=\"font-family:GaramondNovaPro;\"> \u2014 <\/span>\n    <span style=\"font-family:GaramondNovaPro;\"><em>Cr\u00e9ative<\/em> \u2014 Print \u2014 Digital \u2014 <\/span>\n\n    <strong style=\"color:#c8ff00;\">AGENCE 360\u00b0<\/strong>\n    <span style=\"font-family:GaramondNovaPro;\"> \u2014 <\/span>\n    <span style=\"font-family:GaramondNovaPro;\"><em>Cr\u00e9ative<\/em> \u2014 Print \u2014 Digital \u2014 <\/span>\n\n    <strong style=\"color:#b8a5ff;\">AGENCE 360\u00b0<\/strong>\n    <span style=\"font-family:GaramondNovaPro;\"> \u2014 <\/span>\n    <span style=\"font-family:GaramondNovaPro;\"><em>Cr\u00e9ative<\/em> \u2014 Print \u2014 Digital \u2014 <\/span>\n\n  <\/div>\n<\/div>\n\n<style>\n.marquee {\n  width: 100vw;\n  overflow: hidden;\n  padding: 15px 0;\n}\n\n.track {\n  white-space: nowrap;\n  display: inline-block;\n  animation: scroll 25s linear infinite;\n  font-size: 22px;\n}\n\n@keyframes scroll {\n  from { transform: translateX(0); }\n  to { transform: translateX(-50%); }\n}\n<\/style>\t\t\t\t<\/div>\n\t\t\t\t<\/div>\n\t\t\t\t\t<\/div>\n\t\t\t\t<\/div>\n\t\t\t\t<\/div>\n\t\t","protected":false},"excerpt":{"rendered":"<p>1, 2, 3 PARTEZ ! H\u00e2te d&rsquo;en d\u00e9couvrir plus sur vous Dites-nous en plus ci-dessous ou envoyez-nous un courriel \u00e0 bonjour@studio-supernova.fr. Nous serions ravis d\u2019avoir de vos nouvelles ! AGENCE 360\u00b0 \u2014 Cr\u00e9ative \u2014 Print \u2014 Digital \u2014 AGENCE 360\u00b0 \u2014 Cr\u00e9ative \u2014 Print \u2014 Digital \u2014 AGENCE 360\u00b0 \u2014 Cr\u00e9ative \u2014 Print \u2014 Digital [&hellip;]<\/p>\n","protected":false},"author":2,"featured_media":0,"parent":0,"menu_order":0,"comment_status":"closed","ping_status":"closed","template":"","meta":{"footnotes":""},"class_list":["post-216","page","type-page","status-publish","hentry"],"_links":{"self":[{"href":"https:\/\/www.studio-supernova.fr\/index.php\/wp-json\/wp\/v2\/pages\/216","targetHints":{"allow":["GET"]}}],"collection":[{"href":"https:\/\/www.studio-supernova.fr\/index.php\/wp-json\/wp\/v2\/pages"}],"about":[{"href":"https:\/\/www.studio-supernova.fr\/index.php\/wp-json\/wp\/v2\/types\/page"}],"author":[{"embeddable":true,"href":"https:\/\/www.studio-supernova.fr\/index.php\/wp-json\/wp\/v2\/users\/2"}],"replies":[{"embeddable":true,"href":"https:\/\/www.studio-supernova.fr\/index.php\/wp-json\/wp\/v2\/comments?post=216"}],"version-history":[{"count":82,"href":"https:\/\/www.studio-supernova.fr\/index.php\/wp-json\/wp\/v2\/pages\/216\/revisions"}],"predecessor-version":[{"id":358,"href":"https:\/\/www.studio-supernova.fr\/index.php\/wp-json\/wp\/v2\/pages\/216\/revisions\/358"}],"wp:attachment":[{"href":"https:\/\/www.studio-supernova.fr\/index.php\/wp-json\/wp\/v2\/media?parent=216"}],"curies":[{"name":"wp","href":"https:\/\/api.w.org\/{rel}","templated":true}]}}